{"id":304,"date":"2017-03-23T12:57:36","date_gmt":"2017-03-23T12:57:36","guid":{"rendered":"http:\/\/ecoararas.com.br\/v1\/?page_id=304"},"modified":"2024-05-31T19:02:22","modified_gmt":"2024-05-31T22:02:22","slug":"quem-somos","status":"publish","type":"page","link":"https:\/\/ecoararas.com.br\/v1\/quem-somos\/","title":{"rendered":"Quem Somos"},"content":{"rendered":"<div class=\"wpb-content-wrapper\"><p>[vc_row][vc_column]<div id=\"sc_title_2101662446\"\n\t\tclass=\"sc_title sc_title_default  vc_custom_1707155992332\"><h3 class=\"sc_item_title sc_title_title sc_align_center sc_item_title_style_default\">Eco Araras<\/h3><h6 class=\"sc_item_subtitle sc_title_subtitle sc_align_center sc_item_title_style_default\">A mais de uma d\u00e9cada no ramo de reciclagem!<\/h6><\/div><!-- \/.sc_title -->[vc_separator][vc_column_text]Somos uma empresa do ramo de reciclagem de pl\u00e1stico, <strong>a mais de 15 anos na \u00e1rea<\/strong>.<\/p>\n<p>Temos t\u00e9cnicos, m\u00e3o de obra especializada e comprometida com a qualidade de nosso produto.<\/p>\n<p>A nossa empresa est\u00e1 preparada para atender clientes de pequeno e m\u00e9dio porte, oferecendo sempre uma solu\u00e7\u00e3o inteligente e econ\u00f4mica para quem precisa. Fabricamos polipropileno homopol\u00edmero reciclado de alta qualidade.<\/p>\n<p>Localizada na cidade de Araras, interior de S\u00e3o Paulo nosso parque fabril conta com uma \u00e1rea de mais de 10 mil metros quadrados.[\/vc_column_text][vc_separator][\/vc_column][\/vc_row][vc_row full_width=&#8221;stretch_row&#8221; css=&#8221;.vc_custom_1707155606439{padding-top: 5.5rem !important;padding-bottom: 9.4rem !important;background-image: url(http:\/\/ecoararas.com.br\/v1\/wp-content\/uploads\/2024\/02\/barra-quemsomos-valores.jpg?id=1213) !important;background-position: center !important;background-repeat: no-repeat !important;background-size: cover !important;}&#8221;][vc_column width=&#8221;1\/2&#8243;]<div  id=\"sc_action_562486781\" \n\tclass=\"scheme_dark sc_action sc_action_default\"><div class=\"sc_action_content sc_item_content\"><div class=\"sc_action_item sc_action_item_default sc_action_item_ml\">\n\t\t\t<div class=\"sc_action_item_icon sc_action_item_icon_type_ Array\"\n\t\t\t\t\t\t\t\t\t\t\t\t><span class=\"sc_action_item_icon_type_ Array\"\n\t\t\t\t\t\t\t\t\t\t\t\t\t><\/span><\/div><h4 class=\"sc_action_item_title\"><span>Credibilidade, compromisso e qualidade<\/span><\/h4><\/div><\/div><\/div><!-- \/.sc_action -->[\/vc_column][vc_column width=&#8221;1\/2&#8243;][\/vc_column][\/vc_row][vc_row][vc_column]<div id=\"sc_title_876882796\"\n\t\tclass=\"sc_title sc_title_default  vc_custom_1707151649175\"><h3 class=\"sc_item_title sc_title_title sc_align_center sc_item_title_style_default\">Vis\u00e3o, Miss\u00e3o e Valores<\/h3><h6 class=\"sc_item_subtitle sc_title_subtitle sc_align_center sc_item_title_style_default\">Conhe\u00e7a nossos propositos<\/h6><\/div><!-- \/.sc_title -->[vc_separator][vc_column_text]A premissa da Eco Araras \u00e9 a confian\u00e7a e transpar\u00eancia aos clientes, fornecedores e colaboradores estreitando assim os la\u00e7os a todos que fazem parte de forma direta e indireta da nossa organiza\u00e7\u00e3o.<\/p>\n<p>Atendemos a todos da melhor maneira, honrando datas e hor\u00e1rios de entrega buscando a excel\u00eancia sem colocar em risco a produ\u00e7\u00e3o de nossos clientes mantendo o padr\u00e3o de qualidade alinhado ao melhor custo benef\u00edcio.<\/p>\n<p><strong>Miss\u00e3o e Valores:\u00a0<\/strong>Buscamos estabelecer uma rela\u00e7\u00e3o transparente com os nossos clientes, oferecendo assist\u00eancia 24 horas por dia para d\u00favidas. Sempre alinhar o honrar com a qualidade do produto, pontualidade nos prazos de entrega.<\/p>\n<p>Garantia de 6 meses de nosso produto. Por meio da reciclagem, construir um futuro mais sustent\u00e1vel as pr\u00f3ximas gera\u00e7\u00f5es<\/p>\n<p><strong>Vis\u00e3o:<\/strong>\u00a0Por meio da reciclagem ajudar a construir um futuro sustent\u00e1vel sendo reconhecida como grande empresa nacional em reciclagem de pl\u00e1sticos.<\/p>\n<p><strong>Proposta de Valor:<\/strong>\u00a0Respeito pelo meio ambiente, fornecedores e clientes.[\/vc_column_text][vc_separator][\/vc_column][\/vc_row]<\/p>\n<\/div>","protected":false},"excerpt":{"rendered":"<p>[vc_row][vc_column][vc_separator][vc_column_text]Somos uma empresa do ramo de reciclagem de pl\u00e1stico, a mais de 15 anos na \u00e1rea. Temos t\u00e9cnicos, m\u00e3o de obra especializada e comprometida com a qualidade de nosso produto. A nossa empresa est\u00e1 preparada para atender clientes de pequeno e m\u00e9dio porte, oferecendo sempre uma solu\u00e7\u00e3o inteligente e econ\u00f4mica para quem precisa. Fabricamos polipropileno homopol\u00edmero reciclado de alta qualidade.&hellip;<\/p>\n","protected":false},"author":1,"featured_media":0,"parent":0,"menu_order":0,"comment_status":"closed","ping_status":"closed","template":"","meta":{"footnotes":""},"class_list":["post-304","page","type-page","status-publish","hentry"],"_links":{"self":[{"href":"https:\/\/ecoararas.com.br\/v1\/wp-json\/wp\/v2\/pages\/304","targetHints":{"allow":["GET"]}}],"collection":[{"href":"https:\/\/ecoararas.com.br\/v1\/wp-json\/wp\/v2\/pages"}],"about":[{"href":"https:\/\/ecoararas.com.br\/v1\/wp-json\/wp\/v2\/types\/page"}],"author":[{"embeddable":true,"href":"https:\/\/ecoararas.com.br\/v1\/wp-json\/wp\/v2\/users\/1"}],"replies":[{"embeddable":true,"href":"https:\/\/ecoararas.com.br\/v1\/wp-json\/wp\/v2\/comments?post=304"}],"version-history":[{"count":29,"href":"https:\/\/ecoararas.com.br\/v1\/wp-json\/wp\/v2\/pages\/304\/revisions"}],"predecessor-version":[{"id":1292,"href":"https:\/\/ecoararas.com.br\/v1\/wp-json\/wp\/v2\/pages\/304\/revisions\/1292"}],"wp:attachment":[{"href":"https:\/\/ecoararas.com.br\/v1\/wp-json\/wp\/v2\/media?parent=304"}],"curies":[{"name":"wp","href":"https:\/\/api.w.org\/{rel}","templated":true}]}}