{"id":1076,"date":"2019-10-08T14:13:27","date_gmt":"2019-10-08T14:13:27","guid":{"rendered":"http:\/\/ecoararas.com.br\/v1\/?page_id=1076"},"modified":"2024-05-29T15:09:40","modified_gmt":"2024-05-29T18:09:40","slug":"produtos","status":"publish","type":"page","link":"https:\/\/ecoararas.com.br\/v1\/produtos\/","title":{"rendered":"Produtos"},"content":{"rendered":"<div class=\"wpb-content-wrapper\"><p>[vc_row][vc_column][vc_single_image image=&#8221;1244&#8243; img_size=&#8221;full&#8221; alignment=&#8221;center&#8221;][\/vc_column][\/vc_row][vc_row][vc_column width=&#8221;1\/3&#8243;][vc_column_text]<\/p>\n<h4>POLIPROPILENO<\/h4>\n<p>[\/vc_column_text][\/vc_column][vc_column width=&#8221;1\/3&#8243;][vc_column_text]<\/p>\n<h4>SUBFAM\u00cdLIA<br \/>\nHomopol\u00edmero<big><\/big><\/h4>\n<p>[\/vc_column_text][\/vc_column][vc_column width=&#8221;1\/3&#8243;][\/vc_column][\/vc_row][vc_row][vc_column][vc_separator color=&#8221;vista_blue&#8221;][\/vc_column][\/vc_row][vc_row][vc_column width=&#8221;1\/2&#8243;]<div id=\"sc_title_1491714970\"\n\t\tclass=\"sc_title sc_title_default\"><h3 class=\"sc_item_title sc_title_title sc_align_center sc_item_title_style_default sc_item_title_tag\">Descri\u00e7\u00e3o<\/h3><\/div><!-- \/.sc_title -->[vc_empty_space alter_height=&#8221;medium&#8221; hide_on_mobile=&#8221;&#8221;][vc_column_text]<\/p>\n<h5>O polipropileno ECO ARARAS(H502 HC) \u00e9 um homopol\u00edmero de baixo \u00edndice de fluidez especialmente desenhado para aplica\u00e7\u00f5es que necessitam elevad\u00edssima rigidez\/tenacidade com boa processabilidade. Este produto apresenta excelente resist\u00eancia qu\u00edmica e propriedades de barreira.<\/h5>\n<p>[\/vc_column_text][\/vc_column][vc_column width=&#8221;1\/2&#8243;]<div id=\"sc_title_2124970935\"\n\t\tclass=\"sc_title sc_title_default\"><h3 class=\"sc_item_title sc_title_title sc_align_center sc_item_title_style_default sc_item_title_tag\">Aplica\u00e7\u00f5es<\/h3><\/div><!-- \/.sc_title -->[vc_empty_space alter_height=&#8221;medium&#8221; hide_on_mobile=&#8221;&#8221;][vc_column_text]<\/p>\n<h5>Fundo de carpete, Sacarias industriais,\u00a0Pe\u00e7as injetadas de elevada rigidez, pe\u00e7as de pequeno e m\u00e9dio porte (automobil\u00edsticas, utilidades domesticas, brinquedos entre outros), fabrica\u00e7\u00e3o de compostos de polipropileno<\/h5>\n<p>[\/vc_column_text][\/vc_column][\/vc_row]<\/p>\n<\/div>","protected":false},"excerpt":{"rendered":"<p>[vc_row][vc_column][vc_single_image image=&#8221;1244&#8243; img_size=&#8221;full&#8221; alignment=&#8221;center&#8221;][\/vc_column][\/vc_row][vc_row][vc_column width=&#8221;1\/3&#8243;][vc_column_text] POLIPROPILENO [\/vc_column_text][\/vc_column][vc_column width=&#8221;1\/3&#8243;][vc_column_text] SUBFAM\u00cdLIA Homopol\u00edmero [\/vc_column_text][\/vc_column][vc_column width=&#8221;1\/3&#8243;][\/vc_column][\/vc_row][vc_row][vc_column][vc_separator color=&#8221;vista_blue&#8221;][\/vc_column][\/vc_row][vc_row][vc_column width=&#8221;1\/2&#8243;][vc_empty_space alter_height=&#8221;medium&#8221; hide_on_mobile=&#8221;&#8221;][vc_column_text] O polipropileno ECO ARARAS(H502 HC) \u00e9 um homopol\u00edmero de baixo \u00edndice de fluidez especialmente desenhado para aplica\u00e7\u00f5es que necessitam elevad\u00edssima rigidez\/tenacidade com boa processabilidade. Este produto apresenta excelente resist\u00eancia qu\u00edmica e propriedades de barreira. [\/vc_column_text][\/vc_column][vc_column width=&#8221;1\/2&#8243;][vc_empty_space alter_height=&#8221;medium&#8221; hide_on_mobile=&#8221;&#8221;][vc_column_text] Fundo de carpete, Sacarias industriais,\u00a0Pe\u00e7as injetadas&hellip;<\/p>\n","protected":false},"author":1,"featured_media":0,"parent":0,"menu_order":0,"comment_status":"closed","ping_status":"closed","template":"","meta":{"footnotes":""},"class_list":["post-1076","page","type-page","status-publish","hentry"],"_links":{"self":[{"href":"https:\/\/ecoararas.com.br\/v1\/wp-json\/wp\/v2\/pages\/1076","targetHints":{"allow":["GET"]}}],"collection":[{"href":"https:\/\/ecoararas.com.br\/v1\/wp-json\/wp\/v2\/pages"}],"about":[{"href":"https:\/\/ecoararas.com.br\/v1\/wp-json\/wp\/v2\/types\/page"}],"author":[{"embeddable":true,"href":"https:\/\/ecoararas.com.br\/v1\/wp-json\/wp\/v2\/users\/1"}],"replies":[{"embeddable":true,"href":"https:\/\/ecoararas.com.br\/v1\/wp-json\/wp\/v2\/comments?post=1076"}],"version-history":[{"count":10,"href":"https:\/\/ecoararas.com.br\/v1\/wp-json\/wp\/v2\/pages\/1076\/revisions"}],"predecessor-version":[{"id":1246,"href":"https:\/\/ecoararas.com.br\/v1\/wp-json\/wp\/v2\/pages\/1076\/revisions\/1246"}],"wp:attachment":[{"href":"https:\/\/ecoararas.com.br\/v1\/wp-json\/wp\/v2\/media?parent=1076"}],"curies":[{"name":"wp","href":"https:\/\/api.w.org\/{rel}","templated":true}]}}